{"id":1675,"date":"2025-01-25T12:50:57","date_gmt":"2025-01-25T11:50:57","guid":{"rendered":"http:\/\/rowery-gdansk.pl\/?post_type=product&#038;p=1675"},"modified":"2025-01-25T12:50:58","modified_gmt":"2025-01-25T11:50:58","slug":"rower-gravel-gt-grade-elite-burgund-rozm-ramy-s-51","status":"publish","type":"product","link":"http:\/\/rowery-gdansk.pl\/?product=rower-gravel-gt-grade-elite-burgund-rozm-ramy-s-51","title":{"rendered":"Rower gravel GT Grade Elite burgund rozm. ramy S   51"},"content":{"rendered":"<h2 class=\"rating-header\">Opis produktu i specyfikacja<\/h2>\n<p>GT Grade G1 to rower gravelowy o wygodnej geometrii pozwalaj\u0105cej na czerpanie rado\u015bci z jazdy. Doskonale sprawdzi si\u0119 jako uniwersalny rower do odkrywania okolicy oraz bikepackingu dzi\u0119ki licznym elementom monta\u017cowym i solidnej konstrukcji.<\/p>\n<p>Aluminiowa rama zosta\u0142a wykonana w klasycznym dla GT designie Triple Triangle. Cechuje si\u0119 nisk\u0105 wag\u0105 i dobr\u0105 sztywno\u015bci\u0105. Uzupe\u0142niona zosta\u0142a o w pe\u0142ni carbonowy widelec i sztywne osie obydwu k\u00f3\u0142. Geometria pozwala na zaj\u0119cie komfortowej pozycji i oferuje stabilne i bezpieczne prowadzenie.<\/p>\n<p>Prosty nap\u0119d 2&#215;8 zosta\u0142 skompletowany w oparciu o grup\u0119 Shimano Claris o \u015bwietnej ergonomii znanej z wy\u017cszych grup osprz\u0119tu. Zakres prze\u0142o\u017ce\u0144 umo\u017cliwia dynamiczn\u0105 jazd\u0119 w pag\u00f3rkowatym terenie bez obaw o brak odpowiedniego biegu. Mechaniczne hamulce tarczowe skutecznie zatrzymuj\u0105 rower i pozwalaj\u0105 na zachowanie kontroli w lekkim terenie.<\/p>\n<p>Za przyczepno\u015b\u0107 odpowiadaj\u0105 opony\u00a0WTB Riddler o szeroko\u015bci 37mm. Uniwersalny bie\u017cnik nie generuje du\u017cych opor\u00f3w toczenia oraz dobrze sprawdza si\u0119 na szutrowych \u015bcie\u017ckach. Za\u0142o\u017cone zosta\u0142y na obr\u0119cze WTB ST i23 wykonane w technologi TCS pozwalaj\u0105cej na monta\u017c systemu bezd\u0119tkowego.<\/p>\n<h3>RAMA<\/h3>\n<table class=\" cke_show_border\" border=\"0\" cellpadding=\"15px\">\n<tbody>\n<tr>\n<td>Rozmiar ramy<\/td>\n<td>51cm<\/td>\n<\/tr>\n<tr>\n<td>Materia\u0142 ramy<\/td>\n<td>aluminium<\/td>\n<\/tr>\n<tr>\n<td>Widelec<\/td>\n<td>Grade Carbon, Tapered Carbon Steerer, 12&#215;100 Thru Axle<\/td>\n<\/tr>\n<tr>\n<td>Stery<\/td>\n<td>FSA No.44, Integrated, Sealed Bearing<\/td>\n<\/tr>\n<\/tbody>\n<\/table>\n<h3>NAP\u0118D<\/h3>\n<table class=\" cke_show_border\" border=\"0\" cellpadding=\"15px\">\n<tbody>\n<tr>\n<td>Nap\u0119d<\/td>\n<td>2&#215;8<\/td>\n<\/tr>\n<tr>\n<td>Przerzutka tylna<\/td>\n<td>Shimano Claris<\/td>\n<\/tr>\n<tr>\n<td>Przerzutka przednia<\/td>\n<td>Shimano Claris<\/td>\n<\/tr>\n<tr>\n<td>Manetki<\/td>\n<td>Shimano Claris, 2&#215;8<\/td>\n<\/tr>\n<tr>\n<td>Mechanizm korbowy<\/td>\n<td>FSA Tempo Adventure, 48\/32T<\/td>\n<\/tr>\n<tr>\n<td>Suport<\/td>\n<td>BSA, kwadrat<\/td>\n<\/tr>\n<tr>\n<td>Kaseta<\/td>\n<td>Sunrace, 11-34, 8s<\/td>\n<\/tr>\n<tr>\n<td>\u0141a\u0144cuch<\/td>\n<td>KMC X8, 8s<\/td>\n<\/tr>\n<\/tbody>\n<\/table>\n<h3>HAMULCE<\/h3>\n<table class=\" cke_show_border\" border=\"0\" cellpadding=\"15px\">\n<tbody>\n<tr>\n<td>Typ hamulc\u00f3w<\/td>\n<td>tarczowe mechaniczne<\/td>\n<\/tr>\n<tr>\n<td>Hamulce p\/t<\/td>\n<td>Tektro Mech Disc, tarcze 160\/160mm<\/td>\n<\/tr>\n<\/tbody>\n<\/table>\n<h3>KO\u0141A<\/h3>\n<table class=\" cke_show_border\" border=\"0\" cellpadding=\"15px\">\n<tbody>\n<tr>\n<td>Rozmiar ko\u0142a<\/td>\n<td>28&#8243;<\/td>\n<\/tr>\n<tr>\n<td>Obr\u0119cze p\/t<\/td>\n<td>WTB ST i23 TCS 2.0, 28h, Tubeless Ready<\/td>\n<\/tr>\n<tr>\n<td>Opony p\/t<\/td>\n<td>WTB Riddler, 700 x 37c, Wire<\/td>\n<\/tr>\n<\/tbody>\n<\/table>\n<h3>KOMPONENTY<\/h3>\n<table class=\" cke_show_border\" border=\"0\" cellpadding=\"15px\">\n<tbody>\n<tr>\n<td>Wspornik kierownicy<\/td>\n<td>GT 3D Forged Alloy, 31.8<\/td>\n<\/tr>\n<tr>\n<td>Kierownica<\/td>\n<td>GT DropTune RS, Alloy, 10\u00b0 Flare<\/td>\n<\/tr>\n<tr>\n<td>Owijka<\/td>\n<td>Velo Cork<\/td>\n<\/tr>\n<tr>\n<td>Wspornik siod\u0142a<\/td>\n<td>GT Two Bolt Alloy<\/td>\n<\/tr>\n<tr>\n<td>Siode\u0142ko<\/td>\n<td>GT Pavement, Steel<\/td>\n<\/tr>\n<tr>\n<td>Peda\u0142y<\/td>\n<td>GT Plastic OPC Body<\/td>\n<\/tr>\n<\/tbody>\n<\/table>\n","protected":false},"excerpt":{"rendered":"<p>Opis produktu i specyfikacja GT Grade G1 to rower gravelowy o wygodnej geometrii pozwalaj\u0105cej na czerpanie rado\u015bci z jazdy. Doskonale&#8230;<\/p>\n","protected":false},"featured_media":1676,"template":"","meta":[],"product_brand":[],"product_cat":[80,52],"product_tag":[],"class_list":{"0":"post-1675","1":"product","2":"type-product","3":"status-publish","4":"has-post-thumbnail","6":"product_cat-gravele","7":"product_cat-rowery","9":"first","10":"instock","11":"sale","12":"sold-individually","13":"taxable","14":"shipping-taxable","15":"purchasable","16":"product-type-simple"},"_links":{"self":[{"href":"http:\/\/rowery-gdansk.pl\/index.php?rest_route=\/wp\/v2\/product\/1675","targetHints":{"allow":["GET"]}}],"collection":[{"href":"http:\/\/rowery-gdansk.pl\/index.php?rest_route=\/wp\/v2\/product"}],"about":[{"href":"http:\/\/rowery-gdansk.pl\/index.php?rest_route=\/wp\/v2\/types\/product"}],"wp:featuredmedia":[{"embeddable":true,"href":"http:\/\/rowery-gdansk.pl\/index.php?rest_route=\/wp\/v2\/media\/1676"}],"wp:attachment":[{"href":"http:\/\/rowery-gdansk.pl\/index.php?rest_route=%2Fwp%2Fv2%2Fmedia&parent=1675"}],"wp:term":[{"taxonomy":"product_brand","embeddable":true,"href":"http:\/\/rowery-gdansk.pl\/index.php?rest_route=%2Fwp%2Fv2%2Fproduct_brand&post=1675"},{"taxonomy":"product_cat","embeddable":true,"href":"http:\/\/rowery-gdansk.pl\/index.php?rest_route=%2Fwp%2Fv2%2Fproduct_cat&post=1675"},{"taxonomy":"product_tag","embeddable":true,"href":"http:\/\/rowery-gdansk.pl\/index.php?rest_route=%2Fwp%2Fv2%2Fproduct_tag&post=1675"}],"curies":[{"name":"wp","href":"https:\/\/api.w.org\/{rel}","templated":true}]}}