{"id":1666,"date":"2025-01-25T12:11:47","date_gmt":"2025-01-25T11:11:47","guid":{"rendered":"http:\/\/rowery-gdansk.pl\/?post_type=product&#038;p=1666"},"modified":"2025-03-01T00:16:24","modified_gmt":"2025-02-28T23:16:24","slug":"rower-gravel-storm-focus-sora-rozm-m-l-540","status":"publish","type":"product","link":"http:\/\/rowery-gdansk.pl\/?product=rower-gravel-storm-focus-sora-rozm-m-l-540","title":{"rendered":"Rower Gravel Storm Focus Sora rozm. M\/L 540"},"content":{"rendered":"<p>Gravel Storm Focus\u00a0 Sora 2&#215;9<\/p>\n<p>Widelec: Karbon<\/p>\n<p>Osprz\u0119t( Przerzutki): Shimano Sora 2&#215;9<\/p>\n<p>Manetki :Shimano Sora<\/p>\n<p>Hamulce: mechaniczne<\/p>\n<p>Rama: Aluminiowa Hydroformowana<\/p>\n<p>Malowanie: mieni\u0105cy si\u0119 lakier( szaro-zielone odcienie t\u0119czy)<\/p>\n<p>rozmiar: 540 mm M\/L<\/p>\n<p>opony: CST Tirent 700x42C<\/p>\n<p>Siod\u0142o: Selle Italia XBB FEC<\/p>\n<p>Obr\u0119cze: STORM ALUMINIOWE, DWUKOMOROWE, WZMACNIANE<\/p>\n<p>Kierownica: ENRICO J-HB-170E 420-490<\/p>\n<p>Piasta ty\u0142: SOLON DH-E391TR<\/p>\n","protected":false},"excerpt":{"rendered":"<p>Rower Gravel Storm Focus Sora rozm. M\/L 540<\/p>\n","protected":false},"featured_media":1667,"template":"","meta":[],"product_brand":[],"product_cat":[80,52],"product_tag":[],"class_list":{"0":"post-1666","1":"product","2":"type-product","3":"status-publish","4":"has-post-thumbnail","6":"product_cat-gravele","7":"product_cat-rowery","9":"first","10":"instock","11":"sold-individually","12":"taxable","13":"shipping-taxable","14":"purchasable","15":"product-type-simple"},"_links":{"self":[{"href":"http:\/\/rowery-gdansk.pl\/index.php?rest_route=\/wp\/v2\/product\/1666","targetHints":{"allow":["GET"]}}],"collection":[{"href":"http:\/\/rowery-gdansk.pl\/index.php?rest_route=\/wp\/v2\/product"}],"about":[{"href":"http:\/\/rowery-gdansk.pl\/index.php?rest_route=\/wp\/v2\/types\/product"}],"wp:featuredmedia":[{"embeddable":true,"href":"http:\/\/rowery-gdansk.pl\/index.php?rest_route=\/wp\/v2\/media\/1667"}],"wp:attachment":[{"href":"http:\/\/rowery-gdansk.pl\/index.php?rest_route=%2Fwp%2Fv2%2Fmedia&parent=1666"}],"wp:term":[{"taxonomy":"product_brand","embeddable":true,"href":"http:\/\/rowery-gdansk.pl\/index.php?rest_route=%2Fwp%2Fv2%2Fproduct_brand&post=1666"},{"taxonomy":"product_cat","embeddable":true,"href":"http:\/\/rowery-gdansk.pl\/index.php?rest_route=%2Fwp%2Fv2%2Fproduct_cat&post=1666"},{"taxonomy":"product_tag","embeddable":true,"href":"http:\/\/rowery-gdansk.pl\/index.php?rest_route=%2Fwp%2Fv2%2Fproduct_tag&post=1666"}],"curies":[{"name":"wp","href":"https:\/\/api.w.org\/{rel}","templated":true}]}}