{"id":1156,"date":"2021-03-18T00:32:44","date_gmt":"2021-03-17T23:32:44","guid":{"rendered":"http:\/\/rowery-gdansk.pl\/?post_type=product&#038;p=1156"},"modified":"2022-11-08T06:07:22","modified_gmt":"2022-11-08T05:07:22","slug":"zapiecie-rowerowe-na-klucz-dunlop-180-cm-x-12-cm","status":"publish","type":"product","link":"http:\/\/rowery-gdansk.pl\/?product=zapiecie-rowerowe-na-klucz-dunlop-180-cm-x-12-cm","title":{"rendered":"Zapi\u0119cie rowerowe na klucz Dunlop 180 cm x 1,2 cm"},"content":{"rendered":"<div class=\"_1bo4a _xu6h2 _1ylmp _2d49e_YrWCD\">\n<div class=\"_1voj4 _z9prt _1xzdi _ai5yc _5d6n2 _15lj1\">\n<div class=\"_2d49e_5pK0q\">\n<h1>Solidne zapi\u0119cie spiralne marki Dunlop<\/h1>\n<ul>\n<li>otoczone delikatnym tworzywem sztucznym chroni\u0105cym ram\u0119 przed zarysowaniami<\/li>\n<li>wyposa\u017cone w automatyczny cylinder i p\u0142aski klucz<\/li>\n<\/ul>\n<\/div>\n<\/div>\n<\/div>\n<div class=\"_1bo4a _xu6h2 _1ylmp _2d49e_YrWCD\">\n<div class=\"_1voj4 _z9prt _1xzdi _ai5yc _5d6n2 _15lj1\">\n<div class=\"_4lbi0 _6kfrx _ur8qq _u5o1q _1xm8p _1agsg\">\n<div class=\"_18vat _10a7o _1yhvf _7ccvy\">\n<div class=\"_1fwkl\"><img decoding=\"async\" class=\"_1qltd _2d49e_3B1Cq _qdoeh _l7nkx _1rcax _7qjq4 _2d49e_32cUf lazyloaded\" src=\"https:\/\/a.allegroimg.com\/original\/11c85b\/0585e6ff468f86618c4c000a1642\/ZAPIECIE-ROWEROWE-DUNLOP-BLOKADA-DO-ROWERU\" alt=\"ZAPI\u0118CIE ROWEROWE DUNLOP BLOKADA DO ROWERU\" width=\"1200px\" data-src=\"https:\/\/a.allegroimg.com\/original\/11c85b\/0585e6ff468f86618c4c000a1642\/ZAPIECIE-ROWEROWE-DUNLOP-BLOKADA-DO-ROWERU\" data-srcset=\"https:\/\/a.allegroimg.com\/s360\/11c85b\/0585e6ff468f86618c4c000a1642\/ZAPIECIE-ROWEROWE-DUNLOP-BLOKADA-DO-ROWERU 360w,https:\/\/a.allegroimg.com\/s720\/11c85b\/0585e6ff468f86618c4c000a1642\/ZAPIECIE-ROWEROWE-DUNLOP-BLOKADA-DO-ROWERU 720w,https:\/\/a.allegroimg.com\/s1024\/11c85b\/0585e6ff468f86618c4c000a1642\/ZAPIECIE-ROWEROWE-DUNLOP-BLOKADA-DO-ROWERU 1024w,https:\/\/a.allegroimg.com\/s1440\/11c85b\/0585e6ff468f86618c4c000a1642\/ZAPIECIE-ROWEROWE-DUNLOP-BLOKADA-DO-ROWERU 1200w,https:\/\/a.allegroimg.com\/original\/11c85b\/0585e6ff468f86618c4c000a1642\/ZAPIECIE-ROWEROWE-DUNLOP-BLOKADA-DO-ROWERU 1200w\" \/><\/div>\n<\/div>\n<\/div>\n<\/div>\n<div class=\"_1voj4 _z9prt _1xzdi _ai5yc _5d6n2 _15lj1\">\n<div class=\"_2d49e_5pK0q\">\n<h1>Parametry<\/h1>\n<ul>\n<li>Materia\u0142 g\u0142\u00f3wki: stop cynku, obudowa z tworzywa sztucznego<\/li>\n<li>Rodzaj zamka: klucz p\u0142aski<\/li>\n<li><b>D\u0142ugo\u015b\u0107: 180 cm<\/b><\/li>\n<li><b>\u015arednica: 12 mm<\/b><\/li>\n<\/ul>\n<h1>Informacje dodatkowe:<\/h1>\n<ul>\n<li>2 klucze w zestawie,<\/li>\n<li>automatyczny cylinder,<\/li>\n<li>os\u0142ona przeciwkurczowa,<\/li>\n<li>uchwyt do zaczepienia na ramie,<\/li>\n<li>waga zestawu: 440g<\/li>\n<li>Kolor: czarny<\/li>\n<\/ul>\n<p>Marka: <b>DUNLOP<\/b><\/p>\n<\/div>\n<\/div>\n<\/div>\n","protected":false},"excerpt":{"rendered":"<p>Solidne zapi\u0119cie spiralne marki Dunlop otoczone delikatnym tworzywem sztucznym chroni\u0105cym ram\u0119 przed zarysowaniami wyposa\u017cone w automatyczny cylinder i p\u0142aski klucz&#8230;<\/p>\n","protected":false},"featured_media":1157,"template":"","meta":[],"product_brand":[],"product_cat":[60],"product_tag":[],"class_list":{"0":"post-1156","1":"product","2":"type-product","3":"status-publish","4":"has-post-thumbnail","6":"product_cat-akcesoria","7":"product_shipping_class-pozostale","9":"first","10":"instock","11":"taxable","12":"shipping-taxable","13":"purchasable","14":"product-type-simple"},"_links":{"self":[{"href":"http:\/\/rowery-gdansk.pl\/index.php?rest_route=\/wp\/v2\/product\/1156","targetHints":{"allow":["GET"]}}],"collection":[{"href":"http:\/\/rowery-gdansk.pl\/index.php?rest_route=\/wp\/v2\/product"}],"about":[{"href":"http:\/\/rowery-gdansk.pl\/index.php?rest_route=\/wp\/v2\/types\/product"}],"wp:featuredmedia":[{"embeddable":true,"href":"http:\/\/rowery-gdansk.pl\/index.php?rest_route=\/wp\/v2\/media\/1157"}],"wp:attachment":[{"href":"http:\/\/rowery-gdansk.pl\/index.php?rest_route=%2Fwp%2Fv2%2Fmedia&parent=1156"}],"wp:term":[{"taxonomy":"product_brand","embeddable":true,"href":"http:\/\/rowery-gdansk.pl\/index.php?rest_route=%2Fwp%2Fv2%2Fproduct_brand&post=1156"},{"taxonomy":"product_cat","embeddable":true,"href":"http:\/\/rowery-gdansk.pl\/index.php?rest_route=%2Fwp%2Fv2%2Fproduct_cat&post=1156"},{"taxonomy":"product_tag","embeddable":true,"href":"http:\/\/rowery-gdansk.pl\/index.php?rest_route=%2Fwp%2Fv2%2Fproduct_tag&post=1156"}],"curies":[{"name":"wp","href":"https:\/\/api.w.org\/{rel}","templated":true}]}}